{"id":90723,"date":"2025-03-13T14:48:47","date_gmt":"2025-03-13T13:48:47","guid":{"rendered":"https:\/\/csblogg.ufo.se\/csblogg3\/?page_id=90723"},"modified":"2025-12-05T14:13:40","modified_gmt":"2025-12-05T13:13:40","slug":"hotet-fran-varldsrymden","status":"publish","type":"page","link":"https:\/\/csblogg.ufo.se\/csblogg3\/?page_id=90723","title":{"rendered":"Hotet fr\u00e5n v\u00e4rldsrymden"},"content":{"rendered":"\n<figure class=\"wp-block-image size-full\"><img loading=\"lazy\" decoding=\"async\" width=\"800\" height=\"353\" src=\"https:\/\/csblogg.ufo.se\/csblogg3\/wp-content\/uploads\/2025\/03\/Hotet800.png\" alt=\"\" class=\"wp-image-90724\" srcset=\"https:\/\/csblogg.ufo.se\/csblogg3\/wp-content\/uploads\/2025\/03\/Hotet800.png 800w, https:\/\/csblogg.ufo.se\/csblogg3\/wp-content\/uploads\/2025\/03\/Hotet800-768x339.png 768w, https:\/\/csblogg.ufo.se\/csblogg3\/wp-content\/uploads\/2025\/03\/Hotet800-624x275.png 624w\" sizes=\"auto, (max-width: 800px) 100vw, 800px\" \/><\/figure>\n\n\n\n<p><strong>Min nya bok<\/strong> \u201dHotet fr\u00e5n v\u00e4rldsrymden \u2013 Rymdstenar, solstormar och st\u00f6rtande satelliter\u201d (Semic) kommer snart ut. Boken \u00e4r p\u00e5 398 sidor och inbunden. Priset \u00e4r 220 kronor plus 50 kronor i porto, 270 kronor totalt.<\/p>\n\n\n\n<p>S\u00e5 h\u00e4r skriver Bibliotekstj\u00e4nsts recensent Daniel Gustavsson bland annat: \u201d\u00c4mnet \u00e4r intressant och boken \u00e4r i vanlig ordning v\u00e4lskriven&#8230; En l\u00e4sv\u00e4rd bok om ett intressant \u00e4mne.\u201d BTJ ger boken 4 av 5 i betyg.<\/p>\n\n\n\n<p>Boken handlar om allt som kan hota oss m\u00e4nniskor och som kan falla fr\u00e5n skyn. Den \u00e4r en samling sp\u00e4nnande ber\u00e4ttelser om de ovanligare sidorna av v\u00e5r v\u00e4rld och hur den och rymden vi lever i fungerar.<\/p>\n\n\n\n<p><strong>Ur inneh\u00e5llet: <\/strong>En v\u00e4rld av m\u00e4rkligheter, Gruskornen som skr\u00e4mmer, N\u00e4r natt blir till dag, Kraften fr\u00e5n ovan, V\u00e4rldsrymden anfaller, Ov\u00e4ntat bes\u00f6k, Sverige blir m\u00e5ltavla, Rymdstenen i r\u00e4tten, Dinod\u00f6dare och domedagsmeteorer, N\u00e4r livet n\u00e4stan f\u00f6rsvann, J\u00e4ttesm\u00e4llen i Sibirien, D\u00f6dad av en rymdsten, Skr\u00e4cken f\u00f6r en smutsig sn\u00f6boll, Det stormar p\u00e5 solen, Kosmiska explosioner, Hotet fr\u00e5n satelliterna, Rymdkulor \u00f6ver Sverige, J\u00e4rnklumpar fr\u00e5n skyn, Borttappade atombomber, Det d\u00f6dliga vattnet, Sandregn och jord p\u00e5 hatten, Svarta dagar, Vulkanernas vrede, N\u00e4r det regnar stenar, Den vita faran, Dyrt och d\u00f6dligt, Ov\u00e4ntade isbomber, \u00c4nglah\u00e5r och mystiska bubblor, Fallande f\u00e5glar och regn av grodor, Ov\u00e4ntade ormar och massor av maskar, Manna fr\u00e5n himlen och bly fr\u00e5n skyn, Vattenbomber och fallande talltoppar, Slutord: V\u00e5r fantastiska v\u00e4rld.<\/p>\n\n\n\n<p><strong>S\u00e5 h\u00e4r skriver bokf\u00f6rlaget<\/strong> i sin s\u00e4ljtext:<\/p>\n\n\n\n<p>Jorden bombas dagligen av osynliga projektiler fr\u00e5n rymden. De flesta brinner upp, men ibland tr\u00e4ffar n\u00e5got stort \u2014 tillr\u00e4ckligt f\u00f6r att s\u00e4tta himlen i brand och kasta v\u00e4rlden in i kaos.<br>I en h\u00e4pnadsv\u00e4ckande resa fr\u00e5n meteoritregn \u00f6ver Sverige till domedagsasteroider och elektromagnetiska stormar fr\u00e5n solen, visar f\u00f6rfattaren hur tunn gr\u00e4nsen \u00e4r mellan vardag och katastrof. Med vetenskaplig precision och journalistisk sk\u00e4rpa f\u00e5r vi m\u00f6ta explosioner \u00f6ver Sibirien, d\u00f6dliga nedslag, och r\u00e4ttstvister om stenar fr\u00e5n v\u00e4rldsrymden. H\u00e4r blandas fakta, dramatik och fascinerande m\u00e4nnisko\u00f6den, allt f\u00f6rankrat i historiska vittnesm\u00e5l, ny forskning och of\u00f6ruts\u00e4gbara naturfenomen.<br>Clas Svahn \u00e4r en erfaren vetenskapsjournalist med ett starkt intresse f\u00f6r det ok\u00e4nda. Han har tidigare gett ut ett stort antal faktab\u00f6cker och \u00e4r en flitigt anlitad f\u00f6rel\u00e4sare, b\u00e5de i Sverige och internationellt. Han \u00e4r ocks\u00e5 mottagare av VoF:s pris \u00c5rets folkbildare.<\/p>\n\n\n\n<p><strong>Om du vill k\u00f6pa boken <\/strong>skriv till f\u00f6rfattaren p\u00e5&nbsp;<a href=\"mailto:clas.svahn@gmail.com\" target=\"_blank\" rel=\"noreferrer noopener\">clas.svahn@gmail.com<\/a>. Den kostar 200 kronor plus porto 50 kronor: 250 kronor.<\/p>\n\n\n\n<figure class=\"wp-block-image size-full\"><img loading=\"lazy\" decoding=\"async\" width=\"800\" height=\"600\" src=\"https:\/\/csblogg.ufo.se\/csblogg3\/wp-content\/uploads\/2025\/03\/csmedhotet250313.jpg\" alt=\"\" class=\"wp-image-90725\" srcset=\"https:\/\/csblogg.ufo.se\/csblogg3\/wp-content\/uploads\/2025\/03\/csmedhotet250313.jpg 800w, https:\/\/csblogg.ufo.se\/csblogg3\/wp-content\/uploads\/2025\/03\/csmedhotet250313-768x576.jpg 768w, https:\/\/csblogg.ufo.se\/csblogg3\/wp-content\/uploads\/2025\/03\/csmedhotet250313-624x468.jpg 624w\" sizes=\"auto, (max-width: 800px) 100vw, 800px\" \/><\/figure>\n\n\n\n<p><\/p>\n\n\n\n<p><strong>Recensioner:<\/strong><\/p>\n\n\n\n<p>\u201dMycket intressant och informativ. Den \u00e4r ett sm\u00e4rre uppslagsverk.\u201d<br><em>Mats Sandstr\u00f6m<\/em><\/p>\n\n\n\n<p>\u201dTack f\u00f6r en fin l\u00e4supplevelse!\u201d<br><em>Birger Schmitz, Lund<\/em><\/p>\n\n\n\n<p>\u201d\u00c4nnu en bok av Clas Svahn d\u00e4r man imponeras av att f\u00f6rfattaren lagt ner mycket arbete p\u00e5 att samla fakta. Till skillnad fr\u00e5n andra b\u00f6cker jag l\u00e4st av Clas s\u00e5 har jag denna g\u00e5ng hoppat mellan olika kapitel beroende p\u00e5 vad som f\u00f6r stunden l\u00e4t sp\u00e4nnande. Det som k\u00e4nns kusligt efter att ha l\u00e4st boken \u00e4r det faktum att n\u00e4r jag st\u00e5r i min tr\u00e4dg\u00e5rd och tittar upp mot himlen s\u00e5 st\u00e5r jag faktiskt p\u00e5 tr\u00f6skeln till V\u00e4rldsrymden&#8230;helt oskyddad fr\u00e5n dess faror!\u201d<br><em>Jan Wasberg, Torhamn<\/em><\/p>\n\n\n\n<p>\u201dEfter att ha l\u00e4st Clas Svahns senaste bok \u2019Hotet fr\u00e5n v\u00e4rldsrymden\u2019 med undertexten \u2019Rymdstenar, solstormar och st\u00f6rtande satelliter\u2019 kan jag bara konstatera: Clas har gjort det igen! Bara att gratulera. Clas har skrivit ett stort antal b\u00f6cker, men den h\u00e4r \u00e4r nog den som enligt mig tar priset. Med noter i slutet av boken d\u00e4r man kan g\u00e5 tillbaka och kolla all fakta visar att f\u00f6rfattaren verkligen vet vad han skriver om. Kort sagt en l\u00e4sv\u00e4rd bok och efter du l\u00e4st den, en klenod i din bokhylla.\u201d<br><em>Mats Nilsson, Sala<\/em><\/p>\n\n\n\n<p>\u201dN\u00e4r man \u00e4r intresserad av ufo och andra kittlande fenomen i rymden s\u00e5 lockar titeln \u2019Hotet fr\u00e5n v\u00e4rldsrymden.&nbsp;Rymdstenar, solstormar och st\u00f6rtande satelliter\u2019. Det visar sig att boken erbjuder mer \u00e4n s\u00e5. Clas Svahn g\u00e5r ut brett och bjuder&nbsp;p\u00e5 en fascinerande resa&nbsp;bland i princip allt som riskerar tr\u00e4ffa oss fr\u00e5n ovan. F\u00f6rfattaren har lagt ner ett gediget arbete p\u00e5 k\u00e4llforskning och l\u00e4gger till mycket av sina personliga betraktelser bland \u00e5rhundraden av m\u00e4rkliga h\u00e4ndelser. Resultatet blir en uppslagsbok som absolut inte f\u00e5r saknas i bokhyllan hemma.\u201d<br><em>Dan Agardh<br>\u00d6rebro<\/em><\/p>\n\n\n\n<p>\u201dAtt l\u00e4sa Clas Svahn \u00e4r alltid v\u00e4ldigt intressant s\u00e5 \u00e4ven h\u00e4r men det \u00e4r oerh\u00f6rt vertikalt och t\u00e4mligen enkelriktat. ALLTING RAMLAR NER! Det mest intressanta \u00e4r hur p\u00e5l\u00e4st och saklig f\u00f6rfattaren \u00e4r, n\u00e5got dom historiska inslagen vittnar om. L\u00e4s n\u00e5got kapitel d\u00e5 och d\u00e5, f\u00f6rv\u00e4nta dig inte n\u00e5got kapitel om n\u00e5got som ramlar upp s\u00e5; SE UPP!\u201d<br><em>Johan Anderljung<br>Stockholm<\/em><\/p>\n\n\n\n<p>\u201cBoken \u00e4r bra, Clas Svahn skriver ju alltid bra, men om jag ska vara \u00e4rlig s\u00e5 \u00e4r det inte riktigt min kopp te, om jag f\u00e5r uttrycka mig s\u00e5. \u00c4nd\u00e5 kul att att l\u00e4sa om n\u00e5got helt annat! V\u00e4ntar med sp\u00e4nning p\u00e5 n\u00e4sta bok!\u201d<br><em>Per Larsson<br>Karlstad<\/em><\/p>\n\n\n\n<p>\u201dTack f\u00f6r v\u00e4ldigt intressant l\u00e4sning, det k\u00e4nns som om man m\u00e5ste lyfta blicken oftare \u00e4n jag g\u00f6r!\u201d<br><em>Christer Sj\u00f6lin<\/em><\/p>\n<div class=\"pvc_clear\"><\/div><p id=\"pvc_stats_90723\" class=\"pvc_stats all  \" data-element-id=\"90723\" style=\"\"><i class=\"pvc-stats-icon small\" aria-hidden=\"true\"><svg aria-hidden=\"true\" focusable=\"false\" data-prefix=\"far\" data-icon=\"chart-bar\" role=\"img\" xmlns=\"http:\/\/www.w3.org\/2000\/svg\" viewBox=\"0 0 512 512\" class=\"svg-inline--fa fa-chart-bar fa-w-16 fa-2x\"><path fill=\"currentColor\" d=\"M396.8 352h22.4c6.4 0 12.8-6.4 12.8-12.8V108.8c0-6.4-6.4-12.8-12.8-12.8h-22.4c-6.4 0-12.8 6.4-12.8 12.8v230.4c0 6.4 6.4 12.8 12.8 12.8zm-192 0h22.4c6.4 0 12.8-6.4 12.8-12.8V140.8c0-6.4-6.4-12.8-12.8-12.8h-22.4c-6.4 0-12.8 6.4-12.8 12.8v198.4c0 6.4 6.4 12.8 12.8 12.8zm96 0h22.4c6.4 0 12.8-6.4 12.8-12.8V204.8c0-6.4-6.4-12.8-12.8-12.8h-22.4c-6.4 0-12.8 6.4-12.8 12.8v134.4c0 6.4 6.4 12.8 12.8 12.8zM496 400H48V80c0-8.84-7.16-16-16-16H16C7.16 64 0 71.16 0 80v336c0 17.67 14.33 32 32 32h464c8.84 0 16-7.16 16-16v-16c0-8.84-7.16-16-16-16zm-387.2-48h22.4c6.4 0 12.8-6.4 12.8-12.8v-70.4c0-6.4-6.4-12.8-12.8-12.8h-22.4c-6.4 0-12.8 6.4-12.8 12.8v70.4c0 6.4 6.4 12.8 12.8 12.8z\" class=\"\"><\/path><\/svg><\/i> <img loading=\"lazy\" decoding=\"async\" width=\"16\" height=\"16\" alt=\"Loading\" src=\"https:\/\/csblogg.ufo.se\/csblogg3\/wp-content\/plugins\/page-views-count\/ajax-loader-2x.gif\" border=0 \/><\/p><div class=\"pvc_clear\"><\/div>","protected":false},"excerpt":{"rendered":"<p>Min nya bok \u201dHotet fr\u00e5n v\u00e4rldsrymden \u2013 Rymdstenar, solstormar och st\u00f6rtande satelliter\u201d (Semic) kommer snart ut. Boken \u00e4r p\u00e5 398 sidor och inbunden. Priset \u00e4r 220 kronor plus 50 kronor i porto, 270 kronor totalt. S\u00e5 h\u00e4r skriver Bibliotekstj\u00e4nsts recensent Daniel Gustavsson bland annat: \u201d\u00c4mnet \u00e4r intressant och boken \u00e4r i vanlig ordning v\u00e4lskriven&#8230; En [&hellip;]<\/p>\n<div class=\"pvc_clear\"><\/div>\n<p id=\"pvc_stats_90723\" class=\"pvc_stats all  \" data-element-id=\"90723\" style=\"\"><i class=\"pvc-stats-icon small\" aria-hidden=\"true\"><svg aria-hidden=\"true\" focusable=\"false\" data-prefix=\"far\" data-icon=\"chart-bar\" role=\"img\" xmlns=\"http:\/\/www.w3.org\/2000\/svg\" viewBox=\"0 0 512 512\" class=\"svg-inline--fa fa-chart-bar fa-w-16 fa-2x\"><path fill=\"currentColor\" d=\"M396.8 352h22.4c6.4 0 12.8-6.4 12.8-12.8V108.8c0-6.4-6.4-12.8-12.8-12.8h-22.4c-6.4 0-12.8 6.4-12.8 12.8v230.4c0 6.4 6.4 12.8 12.8 12.8zm-192 0h22.4c6.4 0 12.8-6.4 12.8-12.8V140.8c0-6.4-6.4-12.8-12.8-12.8h-22.4c-6.4 0-12.8 6.4-12.8 12.8v198.4c0 6.4 6.4 12.8 12.8 12.8zm96 0h22.4c6.4 0 12.8-6.4 12.8-12.8V204.8c0-6.4-6.4-12.8-12.8-12.8h-22.4c-6.4 0-12.8 6.4-12.8 12.8v134.4c0 6.4 6.4 12.8 12.8 12.8zM496 400H48V80c0-8.84-7.16-16-16-16H16C7.16 64 0 71.16 0 80v336c0 17.67 14.33 32 32 32h464c8.84 0 16-7.16 16-16v-16c0-8.84-7.16-16-16-16zm-387.2-48h22.4c6.4 0 12.8-6.4 12.8-12.8v-70.4c0-6.4-6.4-12.8-12.8-12.8h-22.4c-6.4 0-12.8 6.4-12.8 12.8v70.4c0 6.4 6.4 12.8 12.8 12.8z\" class=\"\"><\/path><\/svg><\/i> <img loading=\"lazy\" decoding=\"async\" width=\"16\" height=\"16\" alt=\"Loading\" src=\"https:\/\/csblogg.ufo.se\/csblogg3\/wp-content\/plugins\/page-views-count\/ajax-loader-2x.gif\" border=0 \/><\/p>\n<div class=\"pvc_clear\"><\/div>\n","protected":false},"author":2,"featured_media":0,"parent":0,"menu_order":0,"comment_status":"closed","ping_status":"closed","template":"","meta":{"footnotes":""},"class_list":["post-90723","page","type-page","status-publish","hentry"],"a3_pvc":{"activated":true,"total_views":403,"today_views":1},"_links":{"self":[{"href":"https:\/\/csblogg.ufo.se\/csblogg3\/index.php?rest_route=\/wp\/v2\/pages\/90723","targetHints":{"allow":["GET"]}}],"collection":[{"href":"https:\/\/csblogg.ufo.se\/csblogg3\/index.php?rest_route=\/wp\/v2\/pages"}],"about":[{"href":"https:\/\/csblogg.ufo.se\/csblogg3\/index.php?rest_route=\/wp\/v2\/types\/page"}],"author":[{"embeddable":true,"href":"https:\/\/csblogg.ufo.se\/csblogg3\/index.php?rest_route=\/wp\/v2\/users\/2"}],"replies":[{"embeddable":true,"href":"https:\/\/csblogg.ufo.se\/csblogg3\/index.php?rest_route=%2Fwp%2Fv2%2Fcomments&post=90723"}],"version-history":[{"count":14,"href":"https:\/\/csblogg.ufo.se\/csblogg3\/index.php?rest_route=\/wp\/v2\/pages\/90723\/revisions"}],"predecessor-version":[{"id":95275,"href":"https:\/\/csblogg.ufo.se\/csblogg3\/index.php?rest_route=\/wp\/v2\/pages\/90723\/revisions\/95275"}],"wp:attachment":[{"href":"https:\/\/csblogg.ufo.se\/csblogg3\/index.php?rest_route=%2Fwp%2Fv2%2Fmedia&parent=90723"}],"curies":[{"name":"wp","href":"https:\/\/api.w.org\/{rel}","templated":true}]}}